{"id":1554,"date":"2016-05-17T19:41:47","date_gmt":"2016-05-17T17:41:47","guid":{"rendered":"https:\/\/wine.ifcfood.cz\/?page_id=1554"},"modified":"2021-12-12T17:41:54","modified_gmt":"2021-12-12T15:41:54","slug":"podminky-pouzivani","status":"publish","type":"page","link":"https:\/\/wine.ifcfood.cz\/?page_id=1554","title":{"rendered":"Podm\u00ednky pou\u017e\u00edv\u00e1n\u00ed"},"content":{"rendered":"<p>[vc_row][vc_column][vc_column_text]<\/p>\n<h2><span style=\"color: #808080;\"><strong>Obecn\u00e1 ustanoven\u00ed<\/strong><\/span><\/h2>\n<p style=\"text-align: justify;\">Provozovatelem t\u011bchto internetov\u00fdch str\u00e1nek wine.ifcfood.cz (d\u00e1le jen internetov\u00e9 str\u00e1nky) je spole\u010dnost IFC FOOD spol. s r.o., \u010cerni\u010dn\u00e1 1423,<br \/>\n198 00 Praha 9 &#8211; Kyje (d\u00e1le jen Provozovatel), kter\u00e1 je v\u00a0souladu se z\u00e1k. \u010d. 121\/2000 Sb., autorsk\u00fd z\u00e1kon, v\u00a0platn\u00e9m zn\u011bn\u00ed, opr\u00e1vn\u011bna vykon\u00e1vat majetkov\u00e1 pr\u00e1va k\u00a0t\u011bmto str\u00e1nk\u00e1m. Provozovatel vlastn\u00ed pr\u00e1va k nakl\u00e1d\u00e1n\u00edm s d\u00edlem obsa\u017een\u00fdm na internetov\u00fdch str\u00e1nk\u00e1ch a to v\u010detn\u011b textu a\u00a0jejich designu, grafiky, ve\u0161ker\u00fdch vyobrazen\u00ed na t\u011bchto str\u00e1nk\u00e1ch, jako\u017e i k\u00a0v\u00fdb\u011bru a\u00a0zp\u016fsobu uspo\u0159\u00e1d\u00e1n\u00ed soubor\u016f obsa\u017een\u00fdch na t\u011bchto internetov\u00fdch str\u00e1nk\u00e1ch.<\/p>\n<p style=\"text-align: justify;\">Provozovatel t\u00edmto vyd\u00e1v\u00e1 podm\u00ednky pro u\u017e\u00edv\u00e1n\u00ed internetov\u00fdch str\u00e1nek (d\u00e1le jen Podm\u00ednky). Internetov\u00e9 str\u00e1nky jsou bezplatn\u011b ve\u0159ejn\u011b p\u0159\u00edstupn\u00e9 a\u00a0jejich u\u017e\u00edv\u00e1n\u00ed se \u0159\u00edd\u00ed t\u011bmito Podm\u00ednkami.<\/p>\n<h2><span style=\"color: #808080;\">U\u017eivatel se zavazuje, \u017ee zejm\u00e9na nebude:<\/span><\/h2>\n<ul>\n<li>jakkoliv po\u0161kozovat dobr\u00e9 jm\u00e9no Provozovatele ani ostatn\u00ed u\u017eivatele,<\/li>\n<li>zasahovat do bezpe\u010dnosti, technick\u00e9 podstaty nebo obsahu internetov\u00fdch str\u00e1nek nebo je jinak zneu\u017e\u00edvat,<\/li>\n<li>zasahovat do pou\u017e\u00edv\u00e1n\u00ed t\u011bchto str\u00e1nek ze strany jin\u00fdch u\u017eivatel\u016f,<\/li>\n<li>vyu\u017e\u00edvat internetov\u00e9 str\u00e1nky pro rozes\u00edl\u00e1n\u00ed nevy\u017e\u00e1dan\u00fdch zpr\u00e1v, \u0159et\u011bzov\u00fdch zpr\u00e1v, zas\u00edlat na tyto str\u00e1nky zpr\u00e1vy obsahuj\u00edc\u00ed viry nebo jak\u00e9koliv nebezpe\u010dn\u00e9 \u010di \u0161kodliv\u00e9 programy,<\/li>\n<li>vytv\u00e1\u0159et fale\u0161n\u00e9 zpr\u00e1vy za \u00fa\u010delem fal\u0161ov\u00e1n\u00ed identity odes\u00edlatele \u010di se pokou\u0161et proniknout na \u00fa\u010det jin\u00fdch u\u017eivatel\u016f,<\/li>\n<li>pokou\u0161et se z\u00edskat p\u0159\u00edstup k\u00a0t\u011bm \u010d\u00e1stem internetov\u00fdch str\u00e1nek, kter\u00e9 jsou vylou\u010deny z\u00a0pou\u017e\u00edv\u00e1n\u00ed ve\u0159ejnosti,<\/li>\n<li>\u0161\u00ed\u0159it na t\u011bchto internetov\u00fdch str\u00e1nk\u00e1ch zpr\u00e1vy \u010di materi\u00e1ly poru\u0161uj\u00edc\u00ed pr\u00e1vn\u00ed p\u0159edpisy \u010cesk\u00e9 republiky.<\/li>\n<\/ul>\n<h2><span style=\"color: #808080;\">Omezen\u00ed odpov\u011bdnosti Provozovatele<\/span><\/h2>\n<p style=\"text-align: justify;\">Obsah internetov\u00fdch str\u00e1nek m\u00e1 pouze informativn\u00ed a\u00a0nez\u00e1vazn\u00fd charakter. Provozovatel neru\u010d\u00ed za spr\u00e1vnost a\u00a0\u00faplnost informac\u00ed na t\u011bchto internetov\u00fdch str\u00e1nk\u00e1ch. Zve\u0159ejn\u011bn\u00ed jak\u00fdchkoliv \u00fadaj\u016f a\u00a0informac\u00ed na t\u011bchto str\u00e1nk\u00e1ch, s\u00a0v\u00fdjimkou t\u011bchto Podm\u00ednek, nem\u00e1 povahu \u017e\u00e1dn\u00e9ho pr\u00e1vn\u00edho \u00fakonu sm\u011b\u0159uj\u00edc\u00edho ke vzniku pr\u00e1vn\u00edho vztahu mezi provozovatelem a\u00a0u\u017eivatelem, pokud nebude v\u00a0jednotliv\u00fdch p\u0159\u00edpadech v\u00fdslovn\u011b uveden\u00e9 jinak. Provozovatel m\u016f\u017ee kdykoliv bez p\u0159edchoz\u00edho upozorn\u011bn\u00ed prov\u00e1d\u011bt zm\u011bny informac\u00ed na t\u011bchto str\u00e1nk\u00e1ch. Provozovatel nenese \u017e\u00e1dnou odpov\u011bdnost za jak\u00e9koliv p\u0159\u00edpadn\u00e9 \u0161kody, kter\u00e9 u\u017eivatel\u016fm mohou vzniknout v\u00a0souvislosti s\u00a0pou\u017e\u00edv\u00e1n\u00edm internetov\u00fdch str\u00e1nek. Provozovatel tak\u00e9 nenese \u017e\u00e1dnou odpov\u011bdnost za reklamu, pop\u0159. jinou formu propagace prov\u00e1d\u011bnou jak\u00fdmkoliv t\u0159et\u00edm subjektem prost\u0159ednictv\u00edm str\u00e1nek. Provozovatel d\u00e1le nenese \u017e\u00e1dnou odpov\u011bdnost za obsah webov\u00fdch str\u00e1nek pat\u0159\u00edc\u00edch t\u0159et\u00edm subjekt\u016fm, kter\u00e9 lze nav\u0161t\u00edvit prost\u0159ednictv\u00edm internetov\u00fdch str\u00e1nek.<\/p>\n<h2><span style=\"color: #808080;\">Z\u00e1v\u011bre\u010dn\u00e1 ustanoven\u00ed<\/span><\/h2>\n<p>Tyto Podm\u00ednky je opr\u00e1vn\u011bn Provozovatel kdykoliv zm\u011bnit. Podm\u00ednky u\u017e\u00edv\u00e1n\u00ed str\u00e1nek jsou \u00fa\u010dinn\u00e9 dnem jejich zve\u0159ejn\u011bn\u00ed. Podm\u00ednky byly zve\u0159ejn\u011bny dne 1. 6. 2016.[\/vc_column_text][\/vc_column][\/vc_row]<\/p>\n","protected":false},"excerpt":{"rendered":"<p>[vc_row][vc_column][vc_column_text] Obecn\u00e1 ustanoven\u00ed Provozovatelem t\u011bchto internetov\u00fdch str\u00e1nek wine.ifcfood.cz (d\u00e1le jen internetov\u00e9 str\u00e1nky) je spole\u010dnost IFC FOOD spol. s r.o., \u010cerni\u010dn\u00e1 1423, 198 00 Praha 9 &#8211; Kyje (d\u00e1le jen Provozovatel), kter\u00e1 je v\u00a0souladu se z\u00e1k. \u010d. 121\/2000 Sb., autorsk\u00fd z\u00e1kon, v\u00a0platn\u00e9m zn\u011bn\u00ed, opr\u00e1vn\u011bna vykon\u00e1vat majetkov\u00e1 pr\u00e1va k\u00a0t\u011bmto str\u00e1nk\u00e1m. Provozovatel vlastn\u00ed pr\u00e1va k nakl\u00e1d\u00e1n\u00edm s d\u00edlem [&hellip;]<\/p>\n","protected":false},"author":1,"featured_media":0,"parent":0,"menu_order":0,"comment_status":"closed","ping_status":"closed","template":"","meta":{"_monsterinsights_skip_tracking":false,"_monsterinsights_sitenote_active":false,"_monsterinsights_sitenote_note":"","_monsterinsights_sitenote_category":0,"footnotes":""},"_links":{"self":[{"href":"https:\/\/wine.ifcfood.cz\/index.php?rest_route=\/wp\/v2\/pages\/1554"}],"collection":[{"href":"https:\/\/wine.ifcfood.cz\/index.php?rest_route=\/wp\/v2\/pages"}],"about":[{"href":"https:\/\/wine.ifcfood.cz\/index.php?rest_route=\/wp\/v2\/types\/page"}],"author":[{"embeddable":true,"href":"https:\/\/wine.ifcfood.cz\/index.php?rest_route=\/wp\/v2\/users\/1"}],"replies":[{"embeddable":true,"href":"https:\/\/wine.ifcfood.cz\/index.php?rest_route=%2Fwp%2Fv2%2Fcomments&post=1554"}],"version-history":[{"count":3,"href":"https:\/\/wine.ifcfood.cz\/index.php?rest_route=\/wp\/v2\/pages\/1554\/revisions"}],"predecessor-version":[{"id":2313,"href":"https:\/\/wine.ifcfood.cz\/index.php?rest_route=\/wp\/v2\/pages\/1554\/revisions\/2313"}],"wp:attachment":[{"href":"https:\/\/wine.ifcfood.cz\/index.php?rest_route=%2Fwp%2Fv2%2Fmedia&parent=1554"}],"curies":[{"name":"wp","href":"https:\/\/api.w.org\/{rel}","templated":true}]}}